{"id":6214,"date":"2018-10-23T06:11:16","date_gmt":"2018-10-23T06:11:16","guid":{"rendered":"http:\/\/netpoint.systems\/4xled.com\/product\/sm4\/"},"modified":"2025-03-17T22:20:20","modified_gmt":"2025-03-17T22:20:20","slug":"sm4","status":"publish","type":"product","link":"http:\/\/4xled.com\/shop\/de\/produkt\/sm4\/","title":{"rendered":"SM4"},"content":{"rendered":"<p><img loading=\"lazy\" decoding=\"async\" class=\" wp-image-6208 aligncenter\" src=\"http:\/\/4xled.com\/shop\/wp-content\/uploads\/2018\/10\/SM4_dymki_DE-1.png\" alt=\"\" width=\"511\" height=\"450\" srcset=\"http:\/\/4xled.com\/shop\/wp-content\/uploads\/2018\/10\/SM4_dymki_DE-1.png 999w, http:\/\/4xled.com\/shop\/wp-content\/uploads\/2018\/10\/SM4_dymki_DE-1-455x400.png 455w, http:\/\/4xled.com\/shop\/wp-content\/uploads\/2018\/10\/SM4_dymki_DE-1-768x676.png 768w, http:\/\/4xled.com\/shop\/wp-content\/uploads\/2018\/10\/SM4_dymki_DE-1-909x800.png 909w, http:\/\/4xled.com\/shop\/wp-content\/uploads\/2018\/10\/SM4_dymki_DE-1-510x449.png 510w\" sizes=\"(max-width: 511px) 100vw, 511px\" \/><\/p>\n<p>&nbsp;<\/p>\n<p><img loading=\"lazy\" decoding=\"async\" class=\" wp-image-6211 aligncenter\" src=\"http:\/\/4xled.com\/shop\/wp-content\/uploads\/2018\/10\/SM4tyl_dymki_DE-1.png\" alt=\"\" width=\"520\" height=\"478\" srcset=\"http:\/\/4xled.com\/shop\/wp-content\/uploads\/2018\/10\/SM4tyl_dymki_DE-1.png 999w, http:\/\/4xled.com\/shop\/wp-content\/uploads\/2018\/10\/SM4tyl_dymki_DE-1-435x400.png 435w, http:\/\/4xled.com\/shop\/wp-content\/uploads\/2018\/10\/SM4tyl_dymki_DE-1-768x706.png 768w, http:\/\/4xled.com\/shop\/wp-content\/uploads\/2018\/10\/SM4tyl_dymki_DE-1-871x800.png 871w, http:\/\/4xled.com\/shop\/wp-content\/uploads\/2018\/10\/SM4tyl_dymki_DE-1-510x469.png 510w\" sizes=\"(max-width: 520px) 100vw, 520px\" \/><\/p>\n<p>&nbsp;<\/p>\n<p>Das sind keine Aufhellscheinwerfer mehr, sondern eine neue Zusatzbeleuchtungsklasse. Trotz der sehr kleinen Abmessungen, die Lichtmenge bewirkt, dass es keinen Sinn macht, sie mit originellem Fernlicht zu benutzen, sondern alternativ zum Originalfernlicht, mit weit besserem Beleuchtungseffekt. Empfohlene Betriebsweise: on road Originalfernlicht, off road SM4. Zus\u00e4tzliche eingebaute Tageslichtfunktion, verbessert grunds\u00e4tzlich die Sichtbarkeit\u00a0des Fahrzeuges am Tage.\u00a0Ideal f\u00fcr Motorr\u00e4der (zB. adventure, enduro), ATV,\u00a0Gel\u00e4ndew\u00e4gen,\u00a0Ultraleichtflugzeuge, Boote. 3 Dioden emittieren ca. 3500 lumen. In Verbindung mit Hochqualit\u00e4tsoptik und -elektronik\u00a0ergibt ein ungew\u00f6hnliches Beleuchtungseffekt: Reichweite und breite Beleuchtung zu gleich. Starkes Geh\u00e4use und vielfach verstellbarer Halter, Mineralglasscheibe, Hochqualitativer Konnektor,\u00a0eingebaute Entst\u00f6rfilter\u00a0geh\u00f6ren zu weiteren Vorteilen dieses ungew\u00f6hnlichen Scheinwerfers.<\/p>\n<p><strong>WICHTIG:<\/strong>\u00a0\u00a0Die SM4 Scheinwerfer sind nicht geeignet f\u00fcr station\u00e4ren Gebrauch als auch f\u00fcr einen Einbau.\u00a0Sie sind bestimmt f\u00fcr die Aussenmontage, unbedeckt\u00a0(sie brauchen Luftbewegung um das Geh\u00e4use ), auf Fahrzeugen. W\u00e4hrend des Stand des Fahrzeuges, insbesondere in geschlossenen R\u00e4umen, sollte man sie nicht l\u00e4nger als einige Minuten mit voller Leistung betreiben, mit Tageslichtleistungeistung ohne Begrenzung.<\/p>\n<p><strong>Empfohlene Montage:<\/strong>\u00a0So hoch wie m\u00f6glich, an Motorr\u00e4dern gleich unter der Windschutzscheibe. Nat\u00fcrlich kann man sie tradizionell an den St\u00fcrzb\u00fcgeln befestigen, doch bringt das ein etwas schlechteres Beleuchtungseffekt (betrifft \u00fcbrigens alle anderen Zusatzlampen ebenso, mit Ausnahme von Nebellichtern).<\/p>\n<p>&nbsp;<\/p>\n<p><strong><span class=\"lead\">Videos:<\/span><\/strong><\/p>\n<p>2x\u00a0SM4 +\u00a0Beta RR hard enduro\u00a0<a href=\"https:\/\/www.youtube.com\/watch?v=vel3nZFt1bo\" target=\"_blank\" rel=\"noopener noreferrer\"><img decoding=\"async\" src=\"http:\/\/liro.pl\/4xled\/images\/YT_knob.png\" alt=\"\" \/><\/a><br \/>\n2x\u00a0SM4 +\u00a0BMW R1200 GS\u00a0<a href=\"https:\/\/www.youtube.com\/watch?v=I_WJ7y8K2Fk\" target=\"_blank\" rel=\"noopener noreferrer\"><img decoding=\"async\" src=\"http:\/\/liro.pl\/4xled\/images\/YT_knob.png\" alt=\"\" \/><\/a><\/p>\n<p>&nbsp;<\/p>\n<p><strong>Eigenschaften:<\/strong><\/p>\n<p>&nbsp;<\/p>\n<ul>\n<li style=\"list-style-type: none;\">\n<ul>\n<li>30\u00a0Watt\u00a0Leistung und ca. 3500 lumen\u00a0neutralweisses Licht (5700K)<\/li>\n<li>gefr\u00e4stes Geh\u00e4use aus hochfester Alulegierung<\/li>\n<li>h\u00f6chste Dichtheit\u00a0(IP69K\/konnektor IP67)<\/li>\n<li>eingebauter hocheffektiver\u00a02-stufiger\u00a0Energiewandler\u00a0(Tageslicht\/volle Leistung)<\/li>\n<li>die neuesten LED Dioden<\/li>\n<li>Qualit\u00e4tslinsen<\/li>\n<li>thermisch, \u00fcberspannungsgesichert<\/li>\n<li>eingebaute Entst\u00f6rfilter<\/li>\n<li>3\u00a0Jahre Garantie<\/li>\n<li>konform mit\u00a0CE und RoHS<\/li>\n<\/ul>\n<\/li>\n<\/ul>\n<p>&nbsp;<\/p>\n<p>&nbsp;<\/p>\n<p><strong>Technische Daten:<\/strong><\/p>\n<ul>\n<li>Leistungsaufnahme: ~30 Watt (im Tageslichtmodus 1,3W)<\/li>\n<li>Versorgungsspannung: 11-30V DC<\/li>\n<li><strong>Lichtausbeute: 3500 lumen (je nach Version)<\/strong><\/li>\n<li><strong>Masse: 0,09\/0,12kg (ohne Halter\/mit Halter)<\/strong><\/li>\n<li><strong>Abmessungen: fi 45&#215;32\u00a0mm\u00a0<\/strong>(Tiefe mit Konnektor 49mm)<\/li>\n<li>Konnektor:\u00a0M8 3-pin (Stecker mit Kabel wird mitgeliefert)<\/li>\n<li><strong>Schutzgrad: IP69K\/Konnektor IP67<\/strong><\/li>\n<\/ul>\n<p>&nbsp;<\/p>\n<p><strong>Masszeichnung:<\/strong><\/p>\n<p><img loading=\"lazy\" decoding=\"async\" class=\" wp-image-6155 aligncenter\" src=\"http:\/\/4xled.com\/shop\/wp-content\/uploads\/2018\/10\/SM4-wymiary-1.png\" alt=\"\" width=\"441\" height=\"441\" srcset=\"http:\/\/4xled.com\/shop\/wp-content\/uploads\/2018\/10\/SM4-wymiary-1.png 600w, http:\/\/4xled.com\/shop\/wp-content\/uploads\/2018\/10\/SM4-wymiary-1-100x100.png 100w, http:\/\/4xled.com\/shop\/wp-content\/uploads\/2018\/10\/SM4-wymiary-1-280x280.png 280w, http:\/\/4xled.com\/shop\/wp-content\/uploads\/2018\/10\/SM4-wymiary-1-400x400.png 400w, http:\/\/4xled.com\/shop\/wp-content\/uploads\/2018\/10\/SM4-wymiary-1-510x510.png 510w\" sizes=\"(max-width: 441px) 100vw, 441px\" \/><\/p>\n<p>Tiefe mit Konnektor: 49mm<\/p>\n<p><strong>Exakter Inhalt der Lieferung:<\/strong><\/p>\n<p><img loading=\"lazy\" decoding=\"async\" class=\" wp-image-6080 aligncenter\" src=\"http:\/\/4xled.com\/shop\/wp-content\/uploads\/2018\/10\/SM4_OFF_zakres.png\" alt=\"\" width=\"397\" height=\"545\" srcset=\"http:\/\/4xled.com\/shop\/wp-content\/uploads\/2018\/10\/SM4_OFF_zakres.png 500w, http:\/\/4xled.com\/shop\/wp-content\/uploads\/2018\/10\/SM4_OFF_zakres-291x400.png 291w\" sizes=\"(max-width: 397px) 100vw, 397px\" \/><\/p>\n<p>&nbsp;<\/p>\n<p>&nbsp;<\/p>\n<p>F\u00fcr Besitzer von bereits in Fahrzeugen montierten DRL-Verkabelungen, bieten wir alternatives Kabel an, mit 0,3m L\u00e4nge und Superseal Konnektor anstelle des 0,7m-Standardkabels mit freiem Ende. Auf diese Weise k\u00f6nnen die \u00e4lteren Supermini durch die neuen SM4 schnell ersetzt werden. Die Tageslichtfunktion wird auch funktionieren. Um diese Version zu bestellen, bitte durch\u00a0<a href=\"mailto:info@4xled.com\">info@4xled.com<\/a>\u00a0Kontakt aufnehmen.<\/p>\n<p><img loading=\"lazy\" decoding=\"async\" class=\" wp-image-6082 aligncenter\" src=\"http:\/\/4xled.com\/shop\/wp-content\/uploads\/2018\/10\/SM4_Superseal.png\" alt=\"\" width=\"399\" height=\"379\" srcset=\"http:\/\/4xled.com\/shop\/wp-content\/uploads\/2018\/10\/SM4_Superseal.png 500w, http:\/\/4xled.com\/shop\/wp-content\/uploads\/2018\/10\/SM4_Superseal-421x400.png 421w\" sizes=\"(max-width: 399px) 100vw, 399px\" \/><br \/>\n<strong>M\u00f6gliche Spezialversionen (verl\u00e4ngerte Lieferzeit):<\/strong><\/p>\n<ul>\n<li>Kalt weiss 6500K<\/li>\n<li>Warm weiss 3000K<\/li>\n<li>Kolorlicht (gr\u00fcn, blau, bernstein, rot, gelb), reduzierte Leistung<\/li>\n<li>RGB<\/li>\n<li>Infrarot 950nm mit Unsichtbarkeitsfilter (nur f\u00fcr infrarot sensitive Kameras)<\/li>\n<li>nicht standardm\u00e4ssige reduzierte Leistungsstufe (Standard ist 1,2 Watt)<\/li>\n<\/ul>\n","protected":false},"excerpt":{"rendered":"<p><strong>Hier kaufen Sie Einzelst\u00fccke, die Lieferung enth\u00e4lt:<\/strong><\/p>\n<ul>\n<li><strong>Scheinwerfer\u00a0SM4 mit Halter und Befestigungsschraube<\/strong><\/li>\n<li><strong>Konnektor\u00a0mit 0,7m\u00a0Kabel<\/strong><\/li>\n<li><strong>Instruktion<\/strong><\/li>\n<li><strong>Aufkleber<\/strong><\/li>\n<\/ul>\n<p><strong>Aussendezeit: <span style=\"color: #ed1c24;\">3 Arbeitstage<\/span><\/strong><\/p>\n","protected":false},"featured_media":6044,"template":"","meta":[],"_links":{"self":[{"href":"http:\/\/4xled.com\/shop\/de\/wp-json\/wp\/v2\/product\/6214\/"}],"collection":[{"href":"http:\/\/4xled.com\/shop\/de\/wp-json\/wp\/v2\/product\/"}],"about":[{"href":"http:\/\/4xled.com\/shop\/de\/wp-json\/wp\/v2\/types\/product\/"}],"wp:featuredmedia":[{"embeddable":true,"href":"http:\/\/4xled.com\/shop\/de\/wp-json\/wp\/v2\/media\/6044\/"}],"wp:attachment":[{"href":"http:\/\/4xled.com\/shop\/de\/wp-json\/wp\/v2\/media\/?parent=6214"}],"curies":[{"name":"wp","href":"https:\/\/api.w.org\/{rel}","templated":true}]}}