{"id":7293,"date":"2020-08-31T10:19:40","date_gmt":"2020-08-31T10:19:41","guid":{"rendered":"http:\/\/4xled.com\/shop\/?post_type=product&#038;p=7293"},"modified":"2025-09-04T11:52:35","modified_gmt":"2025-09-04T11:52:35","slug":"moto3pl","status":"publish","type":"product","link":"http:\/\/4xled.com\/shop\/pl\/produkt\/moto3pl\/","title":{"rendered":"MOTO3"},"content":{"rendered":"<p><img decoding=\"async\" src=\"http:\/\/liro.pl\/4XLED\/images\/MOTO3_dymki.png\" alt=\"\" \/><\/p>\n<p>&nbsp;<\/p>\n<p>Nowy reflektor MOTO3, rozwijany od 2010, znacznie poprawiony w por\u00f3wnaniu do modelu 2018, osi\u0105gn\u0105\u0142 techniczn\u0105 perfekcj\u0119, kt\u00f3ra wyra\u017ca si\u0119 w jego bardzo wysokiej niezawodno\u015bci i nawet mniejszej masie i wymiarach ni\u017c poprzednik. Reflektor jest bardzo ma\u0142y, a mimo to jego \u015bwiat\u0142o przewy\u017csza \u015bwiat\u0142o reflektor\u00f3w LED wi\u0119kszo\u015bci nowoczesnych samochod\u00f3w.<\/p>\n<p><strong>Zastosowanie:<\/strong> Silne reflektory g\u0142\u00f3wne i dodatkowe pojazd\u00f3w 4&#215;4, quad\u00f3w (zalecane 2 szt.), motocykli (zalecana 1szt.); samoloty i helikoptey (\u015bwiat\u0142o l\u0105dowania), \u0142odzie, maszyny budowlane i rolnicze, zadania specjalne.<\/p>\n<p><strong>WA\u017bNE:<\/strong>\u00a0 Reflektory MOTO3 nie nadaj\u0105 si\u0119 do u\u017cytku stacjonarnego oraz do zabudowy. Przeznaczone s\u0105 do monta\u017cu na wolnym powietrzu, na pojazdach.<\/p>\n<p>&nbsp;<\/p>\n<p><strong><span class=\"lead\">Filmy:<\/span><\/strong><\/p>\n<p>1x MOTO3 + motocykl z reflektorem halogenowym<a href=\"https:\/\/www.youtube.com\/watch?v=MoY9dhGDCj8\"><img decoding=\"async\" src=\"http:\/\/liro.pl\/4XLED\/images\/YT_knob.png\" border=\"0\" \/><\/a><br \/>\n1x MOTO3 + motocykl z reflektorem LED<a href=\"https:\/\/www.youtube.com\/watch?v=yDV6otzuGWo\"><img decoding=\"async\" src=\"http:\/\/liro.pl\/4XLED\/images\/YT_knob.png\" border=\"0\" \/><\/a><br \/>\n2x MOTO3 + pojazd 4&#215;4<a href=\"https:\/\/www.youtube.com\/watch?v=A_RcL_hQbNo\"><img decoding=\"async\" src=\"http:\/\/liro.pl\/4XLED\/images\/YT_knob.png\" border=\"0\" \/><\/a><\/p>\n<p>&nbsp;<\/p>\n<p><strong>Cechy:<\/strong><\/p>\n<p>&nbsp;<\/p>\n<ul>\n<li>50\u00a0Wat\u00a0mocy ponad 5000 lumen \u015bwiat\u0142a<\/li>\n<li>frezowana obudowa z wysokowytrzyma\u0142ego stopu aluminium<\/li>\n<li>wysoka szczelnos\u0107\u00a0(IP69K\/konektor IP67)<\/li>\n<li>wbudowana wysokoefektywna przetwornica<\/li>\n<li>najnowsze diody LED<\/li>\n<li>wysokiej jako\u015bci optyka<\/li>\n<li>zabezpieczenie termiczne, nadnapi\u0119ciowe i przeciw odwrotnemu pod\u0142\u0105czeniu<\/li>\n<li>wbudowane filtry przeciwzak\u0142\u00f3ceniowe<\/li>\n<li>3 lata gwarancji<\/li>\n<li>zgodne z CE und RoHS<\/li>\n<\/ul>\n<p>&nbsp;<\/p>\n<p><strong>Dane techniczne:<\/strong><\/p>\n<ul>\n<li>Moc: 50 Wat<\/li>\n<li>Napi\u0119cie pracy: 11-29V DC<\/li>\n<li><strong>\u015awiat\u0142o neutralnie bia\u0142e<\/strong>\u00a0\u00a05700K (najlepsze oddanie kolor\u00f3w)<\/li>\n<li><strong>Masa: 0,32kg (z uchwytem); 0,27kg (bez uchwytu)<\/strong><\/li>\n<li><strong>Wymiary: szeroko\u015b\u0107 99mm, wysoko\u015b\u0107 45mm, g\u0142\u0119boko\u015b\u0107 38mm<\/strong><\/li>\n<li>Wtyczka:\u00a0Superseal 2-pin (wtyczka \u017ce\u0144ska z 1m kabli jest zawarta w dostawie)<\/li>\n<li><strong>Stopie\u0144 ochrony: IP69K<\/strong><\/li>\n<\/ul>\n<p>&nbsp;<\/p>\n<p>&nbsp;<\/p>\n<p><strong>Dok\u0142adny zakres dostawy:\u00a0<\/strong><\/p>\n<p><img loading=\"lazy\" decoding=\"async\" class=\" wp-image-6079 aligncenter\" src=\"http:\/\/liro.pl\/4XLED\/images\/MOTO3_2020_kit.jpg\" alt=\"\" width=\"500\" height=\"431\" \/><\/p>\n<p><strong>Mo\u017cliwe wersje specjalne (przed\u0142u\u017cony czas dostawy):<\/strong><\/p>\n<ul>\n<li>bia\u0142e zimne 6500K<\/li>\n<li>bia\u0142e ciep\u0142e 3000K<\/li>\n<li>soczewki szerokok\u0105tne (\u015bwiat\u0142o robocze)<\/li>\n<\/ul>\n<p>&nbsp;<\/p>\n","protected":false},"excerpt":{"rendered":"<p><strong>Tutaj kupujesz pojedyncze sztuki (patrz te\u017c zdj. na dole):<\/strong><\/p>\n<ul>\n<li><strong>Reflektor\u00a0MOTO3 z uchwytem i \u015brub\u0105 mocuj\u0105c\u0105<\/strong><\/li>\n<li><strong>Konektor\u00a0z 1m\u00a0kabli<\/strong><\/li>\n<li><strong>Instrukcja<\/strong><\/li>\n<li><strong>Naklejka<\/strong><\/li>\n<\/ul>\n<p><strong>Czas wysy\u0142ki: <span style=\"color: #ff0000;\">do 3 dni<\/span><\/strong><\/p>\n","protected":false},"featured_media":7306,"template":"","meta":[],"_links":{"self":[{"href":"http:\/\/4xled.com\/shop\/pl\/wp-json\/wp\/v2\/product\/7293\/"}],"collection":[{"href":"http:\/\/4xled.com\/shop\/pl\/wp-json\/wp\/v2\/product\/"}],"about":[{"href":"http:\/\/4xled.com\/shop\/pl\/wp-json\/wp\/v2\/types\/product\/"}],"wp:featuredmedia":[{"embeddable":true,"href":"http:\/\/4xled.com\/shop\/pl\/wp-json\/wp\/v2\/media\/7306\/"}],"wp:attachment":[{"href":"http:\/\/4xled.com\/shop\/pl\/wp-json\/wp\/v2\/media\/?parent=7293"}],"curies":[{"name":"wp","href":"https:\/\/api.w.org\/{rel}","templated":true}]}}